{"id":1075,"date":"2017-09-16T17:44:41","date_gmt":"2017-09-16T17:44:41","guid":{"rendered":"https:\/\/mallorcaweb.agency\/home-2\/"},"modified":"2024-06-12T09:00:33","modified_gmt":"2024-06-12T09:00:33","slug":"home-2","status":"publish","type":"page","link":"https:\/\/mallorcaweb.agency\/es\/","title":{"rendered":"Inicio"},"content":{"rendered":"<h1>\n\t\tP\u00e1ginas web para restaurantes, inmobiliarias, alquileres y otros negocios en Mallorca\n\t<\/h1>\n\t<p>Creamos incre\u00edbles sitios web profesionales para su restaurante mallorqu\u00edn, alquiler de casa\/apartamento, hotel, tienda y cualquier tipo de negocio. Todo con soporte completo multi-idioma, soporte y mantenimiento para que no tengas que preocuparte de todo el tema t\u00e9cnico.<\/p>\n\t\t\t<a href=\"#\" target=\"_self\" rel=\"noopener\">\n\t\t\t\t\t\t\tP\u00f3ngase en contacto con nosotros\n\t\t\t\t\t<\/a>\n<h2>\n\t\tM\u00e1s de 15 a\u00f1os de experiencia\n\t<\/h2>\n<h2>\n\t\tNos ocupamos de todo por usted\n\t<\/h2>\n\t<p>Con nuestro servicio totalmente gestionado, puede dejar en nuestras manos todos los aspectos t\u00e9cnicos. Nos encargamos del alojamiento, la seguridad y las copias de seguridad peri\u00f3dicas, garantizando que su sitio web sea r\u00e1pido, seguro y est\u00e9 disponible las 24 horas del d\u00eda. Nuestro experimentado equipo tambi\u00e9n se encarga de las actualizaciones de contenido, los cambios de men\u00fa y cualquier otra modificaci\u00f3n que necesite.<\/p>\n\t\t<h3>Contenido sencillo <br \/>gesti\u00f3n<\/h3>\t\t\t\n\t\t\t\t<p>Nuestra soluci\u00f3n facilita la gesti\u00f3n del sitio web de su restaurante, con una interfaz f\u00e1cil de usar para actualizar los men\u00fas y otra informaci\u00f3n. O deje que nosotros lo hagamos por usted.<\/p>\n\t\t<h3>R\u00e1pido como un rayo <br \/>rendimiento<\/h3>\t\t\t\n\t\t\t\t<p>Con nuestro alojamiento r\u00e1pido, seguro y fiable, su sitio web se cargar\u00e1 r\u00e1pida y eficazmente. Cualquier problema, nosotros nos encargamos de solucionarlo.<\/p>\n\t\t<h3>Totalmente gestionado <br \/>servicios<\/h3>\t\t\t\n\t\t\t\t<p>Nuestros servicios totalmente gestionados se ocupan de todos los detalles t\u00e9cnicos, para que usted pueda centrarse en lo que mejor sabe hacer: gestionar su restaurante.<\/p>\n\t\t\t<a href=\"#\" target=\"_self\" rel=\"noopener\">\n\t\t\t\t\t\t\tEmpezar ahora\n\t\t\t\t\t<\/a>\n<h2>\n\t\tSiempre incluido en todas nuestras soluciones\n\t<\/h2>\n\t<ul>\n\t\t\t<li>\n\t\t\t\tComunicaci\u00f3n r\u00e1pida y receptiva\n\t\t\t<\/li>\n\t\t\t<li>\n\t\t\t\tM\u00e1s de 15 a\u00f1os de experiencia\n\t\t\t<\/li>\n\t\t\t<li>\n\t\t\t\tAlojamiento r\u00e1pido y seguro\n\t\t\t<\/li>\n\t\t\t<li>\n\t\t\t\tPlantillas de alta calidad o dise\u00f1os \u00fanicos\n\t\t\t<\/li>\n\t\t<\/ul>\n\t<ul>\n\t\t\t<li>\n\t\t\t\tCopias de seguridad diarias y an\u00e1lisis de seguridad\n\t\t\t<\/li>\n\t\t\t<li>\n\t\t\t\tActualizaciones peri\u00f3dicas\n\t\t\t<\/li>\n\t\t\t<li>\n\t\t\t\tInformes mensuales\n\t\t\t<\/li>\n\t\t\t<li>\n\t\t\t\tRapidez en las tareas de asistencia\n\t\t\t<\/li>\n\t\t<\/ul>\n<h2>\n\t\t\u00bfQui\u00e9n est\u00e1 detr\u00e1s de MallorcaWeb?\n\t<\/h2>\n\t<p>Trabajo con sitios web desde 1995. En estos a\u00f1os he acumulado muchos conocimientos y experiencia en dise\u00f1o web.<\/p>\n<p>En la pr\u00e1ctica, esto significa que s\u00e9 lo que funciona y lo que no.<\/p>\n<p>Como dise\u00f1ador web profesional de WordPress, he creado muchos sitios web a lo largo de los a\u00f1os, y me encanta WordPress, desde que lo conoc\u00ed hace m\u00e1s de 15 a\u00f1os.<\/p>\n<p>Estoy muy centrado en la facilidad de uso, un buen servicio al cliente, una comunicaci\u00f3n eficiente y una ayuda y soporte r\u00e1pidos, cuando algo va mal en su sitio web.<\/p>\n<h4>\n\t\tRen\u00e9 Sejling\n\t<\/h4>\n\t<p>Dise\u00f1ador y propietario de WordPress<\/p>\n\t\t\t\t<img loading=\"lazy\" decoding=\"async\" src=\"https:\/\/mallorcaweb.agency\/wp-content\/uploads\/2023\/07\/profilbillede2020.jpg\" alt=\"profilbillede2020\" itemprop=\"image\" height=\"857\" width=\"857\" title=\"profilbillede2020\" onerror=\"this.style.display='none'\"  \/>","protected":false},"excerpt":{"rendered":"<p>P\u00e1ginas web para restaurantes, inmobiliarias, alquileres y otros negocios en Mallorca Creamos incre\u00edbles p\u00e1ginas web profesionales para su restaurante mallorqu\u00edn, alquiler de casa\/apartamento, hotel, tienda y cualquier tipo de negocio. Todo con soporte completo multi-idioma, soporte y mantenimiento para que no tengas que preocuparte de todo el tema t\u00e9cnico. Contacto 15+ a\u00f1os de experiencia Nos tomamos [...]<\/p>","protected":false},"author":1,"featured_media":0,"parent":0,"menu_order":0,"comment_status":"closed","ping_status":"closed","template":"","meta":{"inline_featured_image":false,"site-sidebar-layout":"no-sidebar","site-content-layout":"page-builder","ast-site-content-layout":"","site-content-style":"default","site-sidebar-style":"default","ast-global-header-display":"","ast-banner-title-visibility":"","ast-main-header-display":"","ast-hfb-above-header-display":"","ast-hfb-below-header-display":"","ast-hfb-mobile-header-display":"","site-post-title":"disabled","ast-breadcrumbs-content":"","ast-featured-img":"disabled","footer-sml-layout":"","theme-transparent-header-meta":"disabled","adv-header-id-meta":"","stick-header-meta":"","header-above-stick-meta":"","header-main-stick-meta":"","header-below-stick-meta":"","astra-migrate-meta-layouts":"default","ast-page-background-enabled":"default","ast-page-background-meta":{"desktop":{"background-color":"","background-image":"","background-repeat":"repeat","background-position":"center center","background-size":"auto","background-attachment":"scroll","background-type":"","background-media":"","overlay-type":"","overlay-color":"","overlay-opacity":"","overlay-gradient":""},"tablet":{"background-color":"","background-image":"","background-repeat":"repeat","background-position":"center center","background-size":"auto","background-attachment":"scroll","background-type":"","background-media":"","overlay-type":"","overlay-color":"","overlay-opacity":"","overlay-gradient":""},"mobile":{"background-color":"","background-image":"","background-repeat":"repeat","background-position":"center center","background-size":"auto","background-attachment":"scroll","background-type":"","background-media":"","overlay-type":"","overlay-color":"","overlay-opacity":"","overlay-gradient":""}},"ast-content-background-meta":{"desktop":{"background-color":"var(--ast-global-color-5)","background-image":"","background-repeat":"repeat","background-position":"center center","background-size":"auto","background-attachment":"scroll","background-type":"","background-media":"","overlay-type":"","overlay-color":"","overlay-opacity":"","overlay-gradient":""},"tablet":{"background-color":"var(--ast-global-color-5)","background-image":"","background-repeat":"repeat","background-position":"center center","background-size":"auto","background-attachment":"scroll","background-type":"","background-media":"","overlay-type":"","overlay-color":"","overlay-opacity":"","overlay-gradient":""},"mobile":{"background-color":"var(--ast-global-color-5)","background-image":"","background-repeat":"repeat","background-position":"center center","background-size":"auto","background-attachment":"scroll","background-type":"","background-media":"","overlay-type":"","overlay-color":"","overlay-opacity":"","overlay-gradient":""}},"footnotes":""},"class_list":["post-1075","page","type-page","status-publish","hentry"],"_links":{"self":[{"href":"https:\/\/mallorcaweb.agency\/es\/wp-json\/wp\/v2\/pages\/1075","targetHints":{"allow":["GET"]}}],"collection":[{"href":"https:\/\/mallorcaweb.agency\/es\/wp-json\/wp\/v2\/pages"}],"about":[{"href":"https:\/\/mallorcaweb.agency\/es\/wp-json\/wp\/v2\/types\/page"}],"author":[{"embeddable":true,"href":"https:\/\/mallorcaweb.agency\/es\/wp-json\/wp\/v2\/users\/1"}],"replies":[{"embeddable":true,"href":"https:\/\/mallorcaweb.agency\/es\/wp-json\/wp\/v2\/comments?post=1075"}],"version-history":[{"count":37,"href":"https:\/\/mallorcaweb.agency\/es\/wp-json\/wp\/v2\/pages\/1075\/revisions"}],"predecessor-version":[{"id":1356,"href":"https:\/\/mallorcaweb.agency\/es\/wp-json\/wp\/v2\/pages\/1075\/revisions\/1356"}],"wp:attachment":[{"href":"https:\/\/mallorcaweb.agency\/es\/wp-json\/wp\/v2\/media?parent=1075"}],"curies":[{"name":"wp","href":"https:\/\/api.w.org\/{rel}","templated":true}]}}