{"id":1166,"date":"2023-05-29T07:47:08","date_gmt":"2023-05-29T07:47:08","guid":{"rendered":"https:\/\/mallorcaweb.agency\/?page_id=1166"},"modified":"2023-07-20T13:06:21","modified_gmt":"2023-07-20T13:06:21","slug":"cookies-privacy-policy","status":"publish","type":"page","link":"https:\/\/mallorcaweb.agency\/es\/cookies-privacy-policy\/","title":{"rendered":"Pol\u00edtica de privacidad y cookies"},"content":{"rendered":"<h2><b>Antecedentes y objetivo<\/b><\/h2>\n<p><span style=\"font-weight: 400;\">mallorcaweb.agency respeta su privacidad y, por lo tanto, s\u00f3lo recopila datos sobre usted de conformidad con la legislaci\u00f3n danesa vigente.<\/span><\/p>\n<p><span style=\"font-weight: 400;\">Cuando visite<\/span> mallorcaweb.agency<a href=\"http:\/\/renesejling.dk\">\u00a0<\/a><span style=\"font-weight: 400;\">\u00a0(el \"sitio web\"), se recogen datos sobre usted con el fin de adaptar y mejorar nuestro contenido y aumentar el valor de los anuncios mostrados en el sitio. Si no desea que se recopilen datos, debe eliminar las cookies y abstenerse de seguir utilizando el sitio web.<\/span><\/p>\n<p><span style=\"font-weight: 400;\">En esta pol\u00edtica de cookies y privacidad puede obtener m\u00e1s informaci\u00f3n sobre los datos que recopilamos, las cookies que utilizamos para recopilarlos, para qu\u00e9 utilizamos los datos recopilados y c\u00f3mo tratamos los datos personales.<\/span><\/p>\n<h2><b>Propietario del sitio web<\/b><\/h2>\n<p><span style=\"font-weight: 400;\">El sitio web es propiedad de y est\u00e1 gestionado por:<\/span><\/p>\n<p><strong>MallorcaWeb.agency ApS<\/strong><br \/>\n<span style=\"font-weight: 400;\">N\u00famero de registro de la empresa (IVA) DK42696005<br \/>\n<\/span><span style=\"font-weight: 400;\">Lupinvej 3<br \/>\n<\/span><span style=\"font-weight: 400;\">8840 R\u00f8dk\u00e6rsbro, Dinamarca<\/span><\/p>\n<p>Correo electr\u00f3nico: <a href=\"mailto:info@mallorcaweb.agency\"><span style=\"font-weight: 400;\">info@mallorcaweb.agency<\/span><\/a><\/p>\n<h2><b>Cookies<\/b><\/h2>\n<p><span style=\"font-weight: 400;\"> <script\n\t\ttype=\"text\/javascript\"\n\t\tid=\"CookieDeclaration\"\n\t\tsrc=\"https:\/\/consent.cookiebot.com\/2ec6a3f9-5c95-4884-b13b-ab50dfb437e4\/cd.js\"\n\t\tasync><\/script>\n<\/span><\/p>\n<h2><b>Datos personales<\/b><\/h2>\n<p><b>General<\/b><\/p>\n<p><span style=\"font-weight: 400;\">Los datos personales son cualquier tipo de informaci\u00f3n que pueda identificarle. Cuando utiliza nuestro sitio web, recogemos y procesamos una serie de datos de este tipo. Esto ocurre, por ejemplo, cuando accede a contenidos, si se suscribe a nuestro bolet\u00edn de noticias, participa en concursos o encuestas, se registra como usuario o abonado, utiliza nuestros servicios de otras formas o realiza compras a trav\u00e9s del sitio web.<\/span><\/p>\n<p><span style=\"font-weight: 400;\">Normalmente recogemos y procesamos los siguientes tipos de datos: Un identificador \u00fanico y detalles t\u00e9cnicos de su ordenador, tableta o tel\u00e9fono m\u00f3vil, su n\u00famero IP, ubicaci\u00f3n geogr\u00e1fica y en qu\u00e9 sitios hace clic (intereses).<\/span><span style=\"font-weight: 400;\">\u00a0<\/span><\/p>\n<p><span style=\"font-weight: 400;\">Si da su consentimiento expl\u00edcito e introduce los datos usted mismo, tambi\u00e9n los procesamos: Nombre, n\u00famero de tel\u00e9fono, correo electr\u00f3nico, direcci\u00f3n y datos de pago. Esto suele ocurrir cuando se establece un inicio de sesi\u00f3n o se realizan compras.<\/span><span style=\"font-weight: 400;\">\u00a0<\/span><\/p>\n<p><b>Seguridad<\/b><\/p>\n<p><span style=\"font-weight: 400;\">Hemos aplicado medidas t\u00e9cnicas y organizativas para proteger sus datos de la supresi\u00f3n accidental o ilegal, la publicaci\u00f3n, la p\u00e9rdida, la degradaci\u00f3n, la divulgaci\u00f3n a terceros no autorizados, el uso indebido u otro tratamiento contrario a la ley.<\/span><\/p>\n<p><b>Prop\u00f3sitos<\/b><\/p>\n<p><span style=\"font-weight: 400;\">Los datos se utilizan para identificarle como usuario y mostrarle los anuncios que tienen m\u00e1s probabilidades de ser relevantes para usted, registrar sus compras y pagos y prestarle los servicios que ha solicitado, por ejemplo, enviarle un <\/span><span style=\"font-weight: 400;\">bolet\u00edn<\/span><span style=\"font-weight: 400;\">. Tambi\u00e9n utilizamos los datos para optimizar nuestros servicios y contenidos.<\/span><span style=\"font-weight: 400;\">\u00a0<\/span><\/p>\n<p><b>Periodo de almacenamiento<\/b><\/p>\n<p><span style=\"font-weight: 400;\">Almacenamos los datos durante el periodo permitido por la ley y los eliminamos cuando ya no son necesarios. El periodo depende de la naturaleza de los datos y de la base para almacenarlos. Por tanto, no es posible establecer un plazo general para la supresi\u00f3n de los datos.<\/span><\/p>\n<p><b>Divulgaci\u00f3n de datos<\/b><\/p>\n<p><span style=\"font-weight: 400;\">Los datos sobre su uso del sitio web, los anuncios que se le muestran y en los que posiblemente haga clic, su ubicaci\u00f3n geogr\u00e1fica, sexo, grupo de edad, etc. se revelan a terceros si se conocen estos datos. Los terceros en cuesti\u00f3n se enumeran en la secci\u00f3n \"Cookies\" anterior. Los datos se utilizan para orientar los anuncios.<\/span><\/p>\n<p><span style=\"font-weight: 400;\">Adem\u00e1s, recurrimos a terceros para el almacenamiento y tratamiento de los datos. Estos procesan los datos \u00fanicamente en nuestro nombre y no est\u00e1n autorizados a utilizarlos para sus propios fines.<\/span><\/p>\n<p><b>Derecho de acceso y reclamaciones<\/b><\/p>\n<p><span style=\"font-weight: 400;\">Tiene derecho a saber qu\u00e9 datos personales procesamos sobre usted. Adem\u00e1s, puede oponerse al uso de los datos en cualquier momento. Tambi\u00e9n puede retirar su consentimiento al tratamiento de sus datos. Si los datos que se procesan sobre usted son incorrectos, tiene derecho a que se corrijan o supriman. Cualquier solicitud a este respecto debe dirigirse a: <a href=\"mailto:info@mallorcaweb.agency\">info@mallorcaweb.agency<\/a>. Si desea presentar una queja sobre el tratamiento que hacemos de sus datos personales, tambi\u00e9n puede ponerse en contacto con la Agencia Danesa de Protecci\u00f3n de Datos.<\/span><\/p>","protected":false},"excerpt":{"rendered":"<p>Antecedentes y finalidad mallorcaweb.agency respeta su privacidad y, por lo tanto, s\u00f3lo recopila datos sobre usted de conformidad con la legislaci\u00f3n danesa vigente. Cuando visitas mallorcaweb.agency (el \"sitio web\"), se recopilan datos sobre ti con el fin de adaptar y mejorar nuestro contenido y aumentar el valor de los anuncios mostrados en el sitio. Si no desea [...]<\/p>","protected":false},"author":1,"featured_media":0,"parent":0,"menu_order":0,"comment_status":"closed","ping_status":"closed","template":"","meta":{"inline_featured_image":false,"site-sidebar-layout":"default","site-content-layout":"default","ast-site-content-layout":"","site-content-style":"default","site-sidebar-style":"default","ast-global-header-display":"","ast-banner-title-visibility":"","ast-main-header-display":"","ast-hfb-above-header-display":"","ast-hfb-below-header-display":"","ast-hfb-mobile-header-display":"","site-post-title":"","ast-breadcrumbs-content":"","ast-featured-img":"","footer-sml-layout":"","theme-transparent-header-meta":"default","adv-header-id-meta":"","stick-header-meta":"","header-above-stick-meta":"","header-main-stick-meta":"","header-below-stick-meta":"","astra-migrate-meta-layouts":"default","ast-page-background-enabled":"default","ast-page-background-meta":{"desktop":{"background-color":"","background-image":"","background-repeat":"repeat","background-position":"center center","background-size":"auto","background-attachment":"scroll","background-type":"","background-media":"","overlay-type":"","overlay-color":"","overlay-opacity":"","overlay-gradient":""},"tablet":{"background-color":"","background-image":"","background-repeat":"repeat","background-position":"center center","background-size":"auto","background-attachment":"scroll","background-type":"","background-media":"","overlay-type":"","overlay-color":"","overlay-opacity":"","overlay-gradient":""},"mobile":{"background-color":"","background-image":"","background-repeat":"repeat","background-position":"center center","background-size":"auto","background-attachment":"scroll","background-type":"","background-media":"","overlay-type":"","overlay-color":"","overlay-opacity":"","overlay-gradient":""}},"ast-content-background-meta":{"desktop":{"background-color":"var(--ast-global-color-5)","background-image":"","background-repeat":"repeat","background-position":"center center","background-size":"auto","background-attachment":"scroll","background-type":"","background-media":"","overlay-type":"","overlay-color":"","overlay-opacity":"","overlay-gradient":""},"tablet":{"background-color":"var(--ast-global-color-5)","background-image":"","background-repeat":"repeat","background-position":"center center","background-size":"auto","background-attachment":"scroll","background-type":"","background-media":"","overlay-type":"","overlay-color":"","overlay-opacity":"","overlay-gradient":""},"mobile":{"background-color":"var(--ast-global-color-5)","background-image":"","background-repeat":"repeat","background-position":"center center","background-size":"auto","background-attachment":"scroll","background-type":"","background-media":"","overlay-type":"","overlay-color":"","overlay-opacity":"","overlay-gradient":""}},"footnotes":""},"class_list":["post-1166","page","type-page","status-publish","hentry"],"_links":{"self":[{"href":"https:\/\/mallorcaweb.agency\/es\/wp-json\/wp\/v2\/pages\/1166","targetHints":{"allow":["GET"]}}],"collection":[{"href":"https:\/\/mallorcaweb.agency\/es\/wp-json\/wp\/v2\/pages"}],"about":[{"href":"https:\/\/mallorcaweb.agency\/es\/wp-json\/wp\/v2\/types\/page"}],"author":[{"embeddable":true,"href":"https:\/\/mallorcaweb.agency\/es\/wp-json\/wp\/v2\/users\/1"}],"replies":[{"embeddable":true,"href":"https:\/\/mallorcaweb.agency\/es\/wp-json\/wp\/v2\/comments?post=1166"}],"version-history":[{"count":3,"href":"https:\/\/mallorcaweb.agency\/es\/wp-json\/wp\/v2\/pages\/1166\/revisions"}],"predecessor-version":[{"id":1305,"href":"https:\/\/mallorcaweb.agency\/es\/wp-json\/wp\/v2\/pages\/1166\/revisions\/1305"}],"wp:attachment":[{"href":"https:\/\/mallorcaweb.agency\/es\/wp-json\/wp\/v2\/media?parent=1166"}],"curies":[{"name":"wp","href":"https:\/\/api.w.org\/{rel}","templated":true}]}}