{"id":1181,"date":"2023-07-11T11:57:44","date_gmt":"2023-07-11T11:57:44","guid":{"rendered":"https:\/\/mallorcaweb.agency\/?page_id=1181"},"modified":"2023-07-22T07:51:53","modified_gmt":"2023-07-22T07:51:53","slug":"restaurant","status":"publish","type":"page","link":"https:\/\/mallorcaweb.agency\/es\/restaurant\/","title":{"rendered":"Restaurante"},"content":{"rendered":"<h1>\n\t\tSitios web de restaurantes mallorquines gestionados profesionalmente\n\t<\/h1>\n\t<p>Nosotros nos encargamos de todo, desde el dise\u00f1o y el desarrollo hasta el mantenimiento y las actualizaciones continuas, para que usted pueda centrarse en lo que mejor sabe hacer: gestionar su restaurante.<\/p>\n\t\t\t<a href=\"#\" target=\"_self\" rel=\"noopener\">\n\t\t\t\t\t\t\tEmpezar ahora\n\t\t\t\t\t<\/a>\n\t\t\t\t<img loading=\"lazy\" decoding=\"async\" src=\"https:\/\/mallorcaweb.agency\/wp-content\/uploads\/2023\/07\/Browser-1.png\" alt=\"Browser\" itemprop=\"image\" height=\"856\" width=\"1448\" title=\"Navegador\" onerror=\"this.style.display='none'\"  \/>\n\t\t\t\t<img decoding=\"async\" src=\"https:\/\/mallorcaweb.agency\/wp-content\/uploads\/2023\/07\/shield-check.png\" alt=\"shield-check\" title=\"shield-check\" itemprop=\"image\"\/>\n\t\t\t<h3>Experiencia desde 1995 en soluciones de dise\u00f1o web<\/h3>\t\t\t\n\t\t\t\t<img decoding=\"async\" src=\"https:\/\/mallorcaweb.agency\/wp-content\/uploads\/2023\/07\/shield-check.png\" alt=\"shield-check\" title=\"shield-check\" itemprop=\"image\"\/>\n\t\t\t<h3>15 a\u00f1os de experiencia con WordPress<\/h3>\t\t\t\n\t\t\t\t<img decoding=\"async\" src=\"https:\/\/mallorcaweb.agency\/wp-content\/uploads\/2023\/07\/shield-check.png\" alt=\"shield-check\" title=\"shield-check\" itemprop=\"image\"\/>\n\t\t\t<h3>Un equipo experimentado dispuesto a ayudarle a alcanzar el \u00e9xito<\/h3>\t\t\t\n<h2>\n\t\tNos ocupamos de todo por usted\n\t<\/h2>\n\t<p>Con nuestro servicio totalmente gestionado, puede dejar en nuestras manos todos los aspectos t\u00e9cnicos. Nos encargamos del alojamiento, la seguridad y las copias de seguridad peri\u00f3dicas, garantizando que su sitio web sea r\u00e1pido, seguro y est\u00e9 disponible las 24 horas del d\u00eda. Nuestro experimentado equipo tambi\u00e9n se encarga de las actualizaciones de contenido, los cambios de men\u00fa y cualquier otra modificaci\u00f3n que necesite.<\/p>\n\t\t<h3>Contenido sencillo <br \/>gesti\u00f3n<\/h3>\t\t\t\n\t\t\t\t<p>Nuestra soluci\u00f3n facilita la gesti\u00f3n del sitio web de su restaurante, con una interfaz f\u00e1cil de usar para actualizar los men\u00fas y otra informaci\u00f3n. O deje que nosotros lo hagamos por usted.<\/p>\n\t\t<h3>R\u00e1pido como un rayo <br \/>rendimiento<\/h3>\t\t\t\n\t\t\t\t<p>Con nuestro alojamiento r\u00e1pido, seguro y fiable, su sitio web se cargar\u00e1 r\u00e1pida y eficazmente. Cualquier problema, nosotros nos encargamos de solucionarlo.<\/p>\n\t\t<h3>Totalmente gestionado <br \/>servicios<\/h3>\t\t\t\n\t\t\t\t<p>Nuestros servicios totalmente gestionados se ocupan de todos los detalles t\u00e9cnicos, para que usted pueda centrarse en lo que mejor sabe hacer: gestionar su restaurante.<\/p>\n\t\t\t<a href=\"#\" target=\"_self\" rel=\"noopener\">\n\t\t\t\t\t\t\tEmpezar ahora\n\t\t\t\t\t<\/a>\n\t\t\t<h5>Primer paso<\/h5><h2>Elija su dise\u00f1o<\/h2>\t\t\t\n\t\t\t\t<p>Elija su dise\u00f1o entre las p\u00e1ginas web predise\u00f1adas. Personalizaremos el dise\u00f1o con su informaci\u00f3n, logotipo, im\u00e1genes y colores, etc., para que se adapte lo mejor posible a su restaurante.<\/p>\n\t\t\t<a href=\"#\" target=\"_self\" role=\"button\" aria-label=\"Empezar ahora\" rel=\"noopener\">\n\t\t\t\t\t\t\tEmpezar ahora\n\t\t<\/a>\n\t\t\t\t<img loading=\"lazy\" decoding=\"async\" src=\"https:\/\/mallorcaweb.agency\/wp-content\/uploads\/2023\/06\/restaurant_demo_2-1024x605.png\" alt=\"restaurant_demo_2\" itemprop=\"image\" height=\"605\" width=\"1024\" title=\"restaurante_demo_2\" onerror=\"this.style.display='none'\"  \/>\n\t\t\t\t<img loading=\"lazy\" decoding=\"async\" src=\"https:\/\/mallorcaweb.agency\/wp-content\/uploads\/2023\/07\/Browser-1.png\" alt=\"Browser\" itemprop=\"image\" height=\"856\" width=\"1448\" title=\"Navegador\" onerror=\"this.style.display='none'\"  \/>\n\t\t\t<h5>Paso 2<\/h5><h2>Env\u00ede la informaci\u00f3n de su empresa<\/h2>\t\t\t\n\t\t\t\t<p>Env\u00edenos la informaci\u00f3n de su negocio, men\u00fa, im\u00e1genes, logotipo, etc., y nosotros nos encargaremos de configurar su sitio web. Al hacer el pedido recibir\u00e1s una lista de cosas que necesitamos.<\/p>\n\t\t\t<a href=\"#\" target=\"_self\" role=\"button\" aria-label=\"Empezar ahora\" rel=\"noopener\">\n\t\t\t\t\t\t\tEmpezar ahora\n\t\t<\/a>\n\t\t\t<h5>Paso 3<\/h5><h2>Nosotros nos encargamos<\/h2>\t\t\t\n\t\t\t\t<p>Vamos a construir su sitio y configurar todo, y cuidar de \u00e9l en el futuro. Cualquier cambio que usted puede enviar directamente a utilizar y vamos a actualizar su sitio web para usted.<\/p>\n\t\t\t<a href=\"#\" target=\"_self\" role=\"button\" aria-label=\"Empezar ahora\" rel=\"noopener\">\n\t\t\t\t\t\t\tEmpezar ahora\n\t\t<\/a>\n\t\t\t\t<img loading=\"lazy\" decoding=\"async\" src=\"https:\/\/mallorcaweb.agency\/wp-content\/uploads\/2023\/06\/restaurant_demo_1.png\" alt=\"restaurant_demo_1\" itemprop=\"image\" height=\"850\" width=\"1439\" title=\"restaurante_demo_1\" onerror=\"this.style.display='none'\"  \/>\n<h2>\n\t\tPrecios\n\t<\/h2>\n\t\t\t\t\tSitio web de restaurante de alta calidad - Plantilla\n\t\t\t\t\t\t\t\t\t\t\t<h4>Est\u00e1ndar<\/h4>\n\t\t\t\t\t\t800 euros una sola vez<br \/> entonces 65 euros al mes\n\t\t\t\t<ul role=\"list\"><li role=\"listitem\">Sitio web WordPress totalmente gestionadoWordPress es el sistema de gesti\u00f3n de contenidos utilizado para gestionar el contenido de su sitio web.<\/li><li role=\"listitem\">Seleccione un dise\u00f1o de nuestra cartera de plantillasSeleccione un dise\u00f1o base de su cartera de dise\u00f1os que utilizaremos para crear su sitio a partir de \u00e9l.<\/li><li role=\"listitem\">Sitio web de restaurante dise\u00f1ado a medidaDise\u00f1aremos su sitio web desde cero bas\u00e1ndonos en su marca actual<\/li><li role=\"listitem\">Incluye alojamiento y mantenimiento y asistencia continuosGestionaremos su sitio web por usted. Incluidos todos los detalles t\u00e9cnicos del alojamiento, el mantenimiento diario y la asistencia cuando necesite realizar cambios.<\/li><li role=\"listitem\">Edici\u00f3n de men\u00fas f\u00e1cil de usar, o simplemente env\u00edanos los cambiosPuedes editar el men\u00fa despu\u00e9s de iniciar sesi\u00f3n. Si no puedes hacerlo t\u00fa mismo o quieres que te ayudemos, env\u00edanos los cambios y los haremos por ti.<\/li><li role=\"listitem\">Su contenido a\u00f1adido para ustedEnv\u00edenos sus fotos, texto y logotipo, as\u00ed como los horarios de apertura y otra informaci\u00f3n comercial, y nosotros nos encargaremos del resto.<\/li><li role=\"listitem\">Alojamiento web r\u00e1pido, seguro y protegidoSe utilizan actualizaciones peri\u00f3dicas, funciones de seguridad y un socio de alojamiento web de primera l\u00ednea, por lo que puede estar seguro de que su sitio no le dar\u00e1 ning\u00fan problema.<\/li><li role=\"listitem\">Actualizaciones de mantenimiento, comprobaciones de seguridad, copias de seguridad e informesLas actualizaciones peri\u00f3dicas son la clave para un sitio web r\u00e1pido y seguro, nosotros nos encargamos de ello por usted.<\/li><li role=\"listitem\">Comunicaci\u00f3n y asistencia r\u00e1pidasSiempre respondemos r\u00e1pido y hacemos las cosas lo antes posible.<\/li><li role=\"listitem\">Configuraci\u00f3n b\u00e1sica de SEO y ayuda con Google My BusinessNos aseguraremos de que el sitio web est\u00e9 configurado correctamente y de que todo coincida con Google y Maps.<\/li><\/ul>\t\t\t\t\n\t\t\t<a href=\"\" target=\"_self\" role=\"button\" rel=\"noopener\">\n\t\t\t\t\t\t\tEmpezar ahora\n\t\t\t\t\t<\/a>\n\t\t\t\t\tSitio web de restaurante de alta calidad - Dise\u00f1o personalizado\n\t\t\t\t\t\t\t\t\t\t\t<h4>Profesional<\/h4>\n\t\t\t\t\t\t3.000 euros una sola vez<br \/> entonces 85 euros al mes\n\t\t\t\t<ul role=\"list\"><li role=\"listitem\">Sitio web WordPress totalmente gestionadoWordPress es el sistema de gesti\u00f3n de contenidos utilizado para gestionar el contenido de su sitio web.<\/li><li role=\"listitem\">Seleccione un dise\u00f1o de nuestra cartera de plantillasSeleccione un dise\u00f1o base de su cartera de dise\u00f1os que utilizaremos para crear su sitio a partir de \u00e9l.<\/li><li role=\"listitem\">Sitio web de restaurante dise\u00f1ado a medidaDise\u00f1aremos su sitio web desde cero bas\u00e1ndonos en su marca actual<\/li><li role=\"listitem\">Incluye alojamiento y mantenimiento y asistencia continuosGestionaremos su sitio web por usted. Incluidos todos los detalles t\u00e9cnicos del alojamiento, el mantenimiento diario y la asistencia cuando necesite realizar cambios.<\/li><li role=\"listitem\">Edici\u00f3n de men\u00fas f\u00e1cil de usar, o simplemente env\u00edanos los cambiosPuedes editar el men\u00fa despu\u00e9s de iniciar sesi\u00f3n. Si no puedes hacerlo t\u00fa mismo o quieres que te ayudemos, env\u00edanos los cambios y los haremos por ti.<\/li><li role=\"listitem\">A\u00f1adiremos todo su contenidoEnv\u00edenos sus fotos, texto y logotipo, as\u00ed como los horarios de apertura y otra informaci\u00f3n comercial, y nosotros nos encargaremos del resto.<\/li><li role=\"listitem\">Alojamiento web r\u00e1pido, seguro y protegidoSe utilizan actualizaciones peri\u00f3dicas, funciones de seguridad y un socio de alojamiento web de primera l\u00ednea, por lo que puede estar seguro de que su sitio no le dar\u00e1 ning\u00fan problema.<\/li><li role=\"listitem\">Actualizaciones de mantenimiento, comprobaciones de seguridad, copias de seguridad e informesLas actualizaciones peri\u00f3dicas son la clave para un sitio web r\u00e1pido y seguro, nosotros nos encargamos de ello por usted.<\/li><li role=\"listitem\">Comunicaci\u00f3n y asistencia r\u00e1pidasSiempre respondemos r\u00e1pido y hacemos las cosas lo antes posible.<\/li><li role=\"listitem\">Configuraci\u00f3n b\u00e1sica de SEO y ayuda con Google My BusinessNos aseguraremos de que el sitio web est\u00e9 configurado correctamente y de que todo coincida con Google y Maps.<\/li><\/ul>\t\t\t\t\n\t\t\t<a href=\"\" target=\"_self\" role=\"button\" rel=\"noopener\">\n\t\t\t\t\t\t\tEmpezar ahora\n\t\t\t\t\t<\/a>\n<h2>\n\t\tPREGUNTAS FRECUENTES\n\t<\/h2>\n\t\t\t\t\t\t<h5 tabindex=\"0\">\u00bfQu\u00e9 incluye el precio?<\/h5>\n\t\t\t<p>Todo excepto el contenido, las fotos, el logotipo, el dise\u00f1o gr\u00e1fico y cualquier nombre de dominio si ya posee alguno. Si ya tiene un nombre de dominio, le ayudaremos a trasladarlo a nuestro alojamiento.<\/p>\n<p>Incluye alojamiento, mantenimiento y asistencia continuos (cambios en el sitio, dentro de lo razonable), informes mensuales, copia de seguridad diaria y control de seguridad.<\/p>\n<p><strong>En el pedido que necesitamos de usted:<\/strong><\/p>\n<ul>\n<li>Su men\u00fa<\/li>\n<li>Fotos de su restaurante, personal y otras im\u00e1genes relevantes para el fondo, y galer\u00eda<\/li>\n<li>Su logotipo<\/li>\n<li>Preferencias de color: si ya tiene colores definidos, los utilizaremos para adaptarlos a su marca.<\/li>\n<li>Si utiliza alg\u00fan tipo de letra especial, tambi\u00e9n lo utilizaremos o, al menos, lo igualaremos lo mejor posible.<\/li>\n<\/ul>\n\t\t\t\t\t\t<h5 tabindex=\"0\">\u00bfQu\u00e9 incluye el precio mensual?<\/h5>\n\t\t\t<p>El precio mensual se encarga diariamente de todo lo t\u00e9cnico de su sitio web.<\/p>\n<p>Cosas como la actualizaci\u00f3n de WordPress (el sistema utilizado para construir el sitio y manejar el contenido), plugins y otras extensiones, tema, as\u00ed como copias de seguridad diarias y escaneo de seguridad en busca de malware o c\u00f3digo da\u00f1ino.<\/p>\n<p>Tambi\u00e9n actualizaremos el contenido de su sitio web si es necesario, s\u00f3lo tiene que enviarnos los cambios por correo electr\u00f3nico y nosotros nos encargamos. Dentro de lo razonable.\u00a0<\/p>\n\t\t\t\t\t\t<h5 tabindex=\"0\">\u00bfEn cu\u00e1nto tiempo puede estar listo el sitio web?<\/h5>\n\t\t\t<p>Una vez recibido todo el contenido, el plazo de entrega aproximado es de 2-4 semanas. Le enviaremos una vista previa del sitio antes de que se ponga en marcha, y una vez aprobado nos encargaremos del resto, la creaci\u00f3n de nombre de dominio y mover el sitio en vivo.<\/p>\n\t\t\t\t\t\t<h5 tabindex=\"0\">\u00bfIncluye el alojamiento el correo electr\u00f3nico?<\/h5>\n\t\t\t<p>S\u00ed necesario s\u00ed, alojamiento tambi\u00e9n incluir\u00e1 correo electr\u00f3nico aunque vamos a recomendar que utilice Google Business o Microsoft Office 365 para esto, vamos a ayudar a configurar esto si quieres. El correo electr\u00f3nico tambi\u00e9n incluye acceso webmail por lo que el correo electr\u00f3nico se puede acceder utilizando s\u00f3lo un navegador, as\u00ed como a\u00f1adido a su tel\u00e9fono y el ordenador.<\/p>\n\t\t\t\t\t\t<h5 tabindex=\"0\">\u00bfOfrecen asistencia telef\u00f3nica?<\/h5>\n\t\t\t<p>La asistencia debe prestarse por correo electr\u00f3nico a <a href=\"mailto:support@mallorcaweb.agency\">support@mallorcaweb.agency<\/a> no ofrecemos asistencia telef\u00f3nica.<\/p>\n<p>No obstante, respondemos r\u00e1pidamente a todos los correos electr\u00f3nicos.<\/p>\n\t\t\t\t\t\t<h5 tabindex=\"0\">\u00bfC\u00f3mo se gestiona el pago?<\/h5>\n\t\t\t<p>Al realizar el pedido, cargaremos el 50% del importe total y, una vez completado, cargaremos el resto del importe. Despu\u00e9s de que el sitio est\u00e1 en vivo la cuota mensual se activar\u00e1, y se le cobrar\u00e1 autom\u00e1ticamente en una base de mes a mes.\u00a0<\/p>\n<p>Si su tarjeta caduca, por ejemplo, puede acceder al \u00e1rea de cuenta de cliente para cambiarla. Muy f\u00e1cil.<\/p>\n<p>Recibir\u00e1s mensualmente un correo electr\u00f3nico con una factura.<\/p>\n\t\t\t\t\t\t<h5 tabindex=\"0\">\u00bfPor qu\u00e9 tengo que pagar una cuota mensual?<\/h5>\n\t\t\t<p>La cuota mensual cubre el alojamiento (el lugar f\u00edsico donde se almacena el sitio web) y el mantenimiento, como las actualizaciones, que se realizan manualmente, las comprobaciones del sitio tras las actualizaciones, que tambi\u00e9n se realizan manualmente, as\u00ed como la asistencia para actualizar el sitio web.<\/p>","protected":false},"excerpt":{"rendered":"<p>Sitios web de restaurantes mallorquines gestionados profesionalmente Nos encargamos de todo, desde el dise\u00f1o y el desarrollo hasta el mantenimiento y las actualizaciones continuas, permiti\u00e9ndole centrarse en lo que mejor sabe hacer: gestionar su restaurante. Empieza ahora Experiencia desde 1995 con soluciones de dise\u00f1o web 15 a\u00f1os de experiencia con WordPress Equipo experimentado listo para ayudarte a tener \u00e9xito Nos encargamos [...]<\/p>","protected":false},"author":1,"featured_media":0,"parent":0,"menu_order":0,"comment_status":"closed","ping_status":"closed","template":"","meta":{"inline_featured_image":false,"site-sidebar-layout":"no-sidebar","site-content-layout":"page-builder","ast-site-content-layout":"","site-content-style":"default","site-sidebar-style":"default","ast-global-header-display":"","ast-banner-title-visibility":"","ast-main-header-display":"","ast-hfb-above-header-display":"","ast-hfb-below-header-display":"","ast-hfb-mobile-header-display":"","site-post-title":"disabled","ast-breadcrumbs-content":"","ast-featured-img":"disabled","footer-sml-layout":"","theme-transparent-header-meta":"default","adv-header-id-meta":"","stick-header-meta":"","header-above-stick-meta":"","header-main-stick-meta":"","header-below-stick-meta":"","astra-migrate-meta-layouts":"default","ast-page-background-enabled":"default","ast-page-background-meta":{"desktop":{"background-color":"","background-image":"","background-repeat":"repeat","background-position":"center center","background-size":"auto","background-attachment":"scroll","background-type":"","background-media":"","overlay-type":"","overlay-color":"","overlay-opacity":"","overlay-gradient":""},"tablet":{"background-color":"","background-image":"","background-repeat":"repeat","background-position":"center center","background-size":"auto","background-attachment":"scroll","background-type":"","background-media":"","overlay-type":"","overlay-color":"","overlay-opacity":"","overlay-gradient":""},"mobile":{"background-color":"","background-image":"","background-repeat":"repeat","background-position":"center center","background-size":"auto","background-attachment":"scroll","background-type":"","background-media":"","overlay-type":"","overlay-color":"","overlay-opacity":"","overlay-gradient":""}},"ast-content-background-meta":{"desktop":{"background-color":"var(--ast-global-color-5)","background-image":"","background-repeat":"repeat","background-position":"center center","background-size":"auto","background-attachment":"scroll","background-type":"","background-media":"","overlay-type":"","overlay-color":"","overlay-opacity":"","overlay-gradient":""},"tablet":{"background-color":"var(--ast-global-color-5)","background-image":"","background-repeat":"repeat","background-position":"center center","background-size":"auto","background-attachment":"scroll","background-type":"","background-media":"","overlay-type":"","overlay-color":"","overlay-opacity":"","overlay-gradient":""},"mobile":{"background-color":"var(--ast-global-color-5)","background-image":"","background-repeat":"repeat","background-position":"center center","background-size":"auto","background-attachment":"scroll","background-type":"","background-media":"","overlay-type":"","overlay-color":"","overlay-opacity":"","overlay-gradient":""}},"footnotes":""},"class_list":["post-1181","page","type-page","status-publish","hentry"],"_links":{"self":[{"href":"https:\/\/mallorcaweb.agency\/es\/wp-json\/wp\/v2\/pages\/1181","targetHints":{"allow":["GET"]}}],"collection":[{"href":"https:\/\/mallorcaweb.agency\/es\/wp-json\/wp\/v2\/pages"}],"about":[{"href":"https:\/\/mallorcaweb.agency\/es\/wp-json\/wp\/v2\/types\/page"}],"author":[{"embeddable":true,"href":"https:\/\/mallorcaweb.agency\/es\/wp-json\/wp\/v2\/users\/1"}],"replies":[{"embeddable":true,"href":"https:\/\/mallorcaweb.agency\/es\/wp-json\/wp\/v2\/comments?post=1181"}],"version-history":[{"count":33,"href":"https:\/\/mallorcaweb.agency\/es\/wp-json\/wp\/v2\/pages\/1181\/revisions"}],"predecessor-version":[{"id":1342,"href":"https:\/\/mallorcaweb.agency\/es\/wp-json\/wp\/v2\/pages\/1181\/revisions\/1342"}],"wp:attachment":[{"href":"https:\/\/mallorcaweb.agency\/es\/wp-json\/wp\/v2\/media?parent=1181"}],"curies":[{"name":"wp","href":"https:\/\/api.w.org\/{rel}","templated":true}]}}